{"id":1279,"date":"2022-12-01T14:37:16","date_gmt":"2022-12-01T17:37:16","guid":{"rendered":"https:\/\/ifd1-nqn.infd.edu.ar\/sitio\/?page_id=1279"},"modified":"2022-12-06T16:57:51","modified_gmt":"2022-12-06T19:57:51","slug":"informacion-importante-link-de-inscripcion","status":"publish","type":"page","link":"https:\/\/ifd1-nqn.infd.edu.ar\/sitio\/informacion-importante-link-de-inscripcion\/","title":{"rendered":"Informaci\u00f3n importante: link de inscripci\u00f3n a primer a\u00f1o 2023."},"content":{"rendered":"\n<p><strong>Informaci\u00f3n<\/strong> <strong>importante<\/strong>: link de inscripci\u00f3n.<\/p>\n\n\n\n<p>La Secretar\u00eda del Ifd, comunica que&nbsp; el periodo de inscripci\u00f3n a primer a\u00f1o 2023 de los profesorados de Nivel Inicial y Primario, se desarrollar\u00e1 entre el 01 y el 14 de diciembre de 2022.<\/p>\n\n\n\n<p>Compartimos el link de la p\u00e1gina de inscripci\u00f3n y otros con documentaci\u00f3n importante:<\/p>\n\n\n\n<ul><li>P\u00e1gina de inscripci\u00f3n: <a href=\"http:\/\/w3.neuquen.gov.ar\/cpeonline\/servlet\/hinicio\" target=\"_blank\" rel=\"noreferrer noopener\">http:\/\/w3.neuquen.gov.ar\/cpeonline\/servlet\/hinicio<\/a><\/li><li><a href=\"https:\/\/ifd1-nqn.infd.edu.ar\/sitio\/wp-content\/uploads\/2022\/12\/CPE-Resolucion-1689-15-PlanesEstudio-639-640.pdf\" target=\"_blank\" rel=\"noreferrer noopener\">Plan de estudios N\u00b0 639 y 640.<\/a><\/li><li><a href=\"https:\/\/ifd1-nqn.infd.edu.ar\/sitio\/wp-content\/uploads\/2022\/12\/661_-_Regimen_de_Corralitividades-1.pdf\" target=\"_blank\" rel=\"noreferrer noopener\">Regimen de correlatividades.<\/a><\/li><li><a href=\"https:\/\/ifd1-nqn.infd.edu.ar\/sitio\/wp-content\/uploads\/2022\/12\/FORMATO-DE-EXAMEN-DE-APTITUD-PSICO-IFD-1-1.pdf\" target=\"_blank\" rel=\"noreferrer noopener\">Formulario de examen de apto psicof\u00edsico para el ingreso y permanencia en la carrera de formaci\u00f3n docente.<\/a><\/li><\/ul>\n\n\n\n<p><em><strong>Secretar\u00eda del Ifd 1.<\/strong><\/em><\/p>\n","protected":false},"excerpt":{"rendered":"<p>Informaci\u00f3n importante: link de inscripci\u00f3n. La Secretar\u00eda del Ifd, comunica que&nbsp; el periodo de inscripci\u00f3n a primer a\u00f1o 2023 de los profesorados de Nivel Inicial y Primario, se desarrollar\u00e1 entre el 01 y el 14 de diciembre de 2022. Compartimos el link de la p\u00e1gina de inscripci\u00f3n y otros con documentaci\u00f3n importante: P\u00e1gina de inscripci\u00f3n: &#8230; <a title=\"Informaci\u00f3n importante: link de inscripci\u00f3n a primer a\u00f1o 2023.\" class=\"read-more\" href=\"https:\/\/ifd1-nqn.infd.edu.ar\/sitio\/informacion-importante-link-de-inscripcion\/\" aria-label=\"More on Informaci\u00f3n importante: link de inscripci\u00f3n a primer a\u00f1o 2023.\">[+]<\/a><\/p>\n","protected":false},"author":688,"featured_media":0,"parent":0,"menu_order":0,"comment_status":"closed","ping_status":"closed","template":"","meta":[],"acf":[],"_links":{"self":[{"href":"https:\/\/ifd1-nqn.infd.edu.ar\/sitio\/wp-json\/wp\/v2\/pages\/1279"}],"collection":[{"href":"https:\/\/ifd1-nqn.infd.edu.ar\/sitio\/wp-json\/wp\/v2\/pages"}],"about":[{"href":"https:\/\/ifd1-nqn.infd.edu.ar\/sitio\/wp-json\/wp\/v2\/types\/page"}],"author":[{"embeddable":true,"href":"https:\/\/ifd1-nqn.infd.edu.ar\/sitio\/wp-json\/wp\/v2\/users\/688"}],"replies":[{"embeddable":true,"href":"https:\/\/ifd1-nqn.infd.edu.ar\/sitio\/wp-json\/wp\/v2\/comments?post=1279"}],"version-history":[{"count":4,"href":"https:\/\/ifd1-nqn.infd.edu.ar\/sitio\/wp-json\/wp\/v2\/pages\/1279\/revisions"}],"predecessor-version":[{"id":1304,"href":"https:\/\/ifd1-nqn.infd.edu.ar\/sitio\/wp-json\/wp\/v2\/pages\/1279\/revisions\/1304"}],"wp:attachment":[{"href":"https:\/\/ifd1-nqn.infd.edu.ar\/sitio\/wp-json\/wp\/v2\/media?parent=1279"}],"curies":[{"name":"wp","href":"https:\/\/api.w.org\/{rel}","templated":true}]}}