{"id":1798,"date":"2025-12-01T11:51:44","date_gmt":"2025-12-01T14:51:44","guid":{"rendered":"https:\/\/ifd1-nqn.infd.edu.ar\/sitio\/?page_id=1798"},"modified":"2026-02-17T20:35:47","modified_gmt":"2026-02-17T23:35:47","slug":"alumnos","status":"publish","type":"page","link":"https:\/\/ifd1-nqn.infd.edu.ar\/sitio\/alumnos\/","title":{"rendered":"Alumnos"},"content":{"rendered":"\n<div class=\"wp-block-group alignfull has-background is-layout-flow\" style=\"background-color:#f5eac1;padding-top:6vw;padding-right:6vw;padding-bottom:6vw;padding-left:6vw\"><div class=\"wp-block-group__inner-container\">\n<div class=\"wp-block-group is-vertical is-nowrap is-layout-flex wp-container-1\" style=\"padding-right:0;padding-left:0\">\n<hr class=\"wp-block-separator aligncenter has-alpha-channel-opacity has-luminous-vivid-orange-to-vivid-red-gradient-background has-background is-style-wide\"\/>\n\n\n\n<p class=\"has-text-color\" style=\"color:#000000;font-size:6vw;font-style:normal;font-weight:700;letter-spacing:0px;line-height:0.9;text-decoration:none;text-transform:none\">Alumnos IFD N\u00b01<\/p>\n<\/div>\n\n\n\n<hr class=\"wp-block-separator has-text-color has-alpha-channel-opacity has-background is-style-wide\" style=\"background-color:#f4640e;color:#f4640e\"\/>\n\n\n\n<figure class=\"wp-block-image size-full\"><img decoding=\"async\" loading=\"lazy\" width=\"705\" height=\"1879\" src=\"https:\/\/ifd1-nqn.infd.edu.ar\/sitio\/wp-content\/uploads\/2026\/02\/febre1.png\" alt=\"\" class=\"wp-image-1831\" srcset=\"https:\/\/ifd1-nqn.infd.edu.ar\/sitio\/wp-content\/uploads\/2026\/02\/febre1.png 705w, https:\/\/ifd1-nqn.infd.edu.ar\/sitio\/wp-content\/uploads\/2026\/02\/febre1-375x1000.png 375w, https:\/\/ifd1-nqn.infd.edu.ar\/sitio\/wp-content\/uploads\/2026\/02\/febre1-576x1536.png 576w\" sizes=\"(max-width: 705px) 100vw, 705px\" \/><\/figure>\n\n\n\n<p><strong>Hola a todxs!&nbsp;<\/strong><\/p>\n\n\n\n<p>A continuaci\u00f3n, dejamos la Mesa de Examen correspondiente al 6to llamado de 2025, desde el mi\u00e9rcoles 18 al martes 24 de febrero. Las mismas&nbsp;<strong>se desarrollar\u00e1n a partir de las 16:30 hs<\/strong>.<\/p>\n\n\n\n<p>Asimismo, pedimos por favor a aquellxs profes que est\u00e9n convocadxs y no puedan asistir, que nos avisen con antelaci\u00f3n por favor. As\u00ed podemos convocar a otrxs compa\u00f1erxs para cubrir los tribunales de examen de cada mesa.<\/p>\n\n\n\n<p>Saludos!&nbsp;<\/p>\n\n\n\n<p><strong>MI\u00c9RCOLES 18 DE FEBRERO<\/strong><\/p>\n\n\n\n<p><strong>Enfoque Hist\u00f3rico Pol\u00edtico de la Educaci\u00f3n Argentina (Ciclo Com\u00fan)&nbsp;<\/strong><\/p>\n\n\n\n<p>CONTRERAS, Eduardo (P) \u2013ESPINOSA, Nancy (V) \u2013 BARBOZA, Eugenia (V)<\/p>\n\n\n\n<p><strong>Ciencias sociales en la Educaci\u00f3n Inicial \u2013 PEI<\/strong><\/p>\n\n\n\n<p>CISNEROS, Mar\u00eda (P) \u2013 DE PRADO, Carolina (V) &#8211; REYES, Dana (V)<\/p>\n\n\n\n<p>Profesorxs suplentes convocadxs:&nbsp;SAMBUEZA, Roc\u00edo &#8211; PONCE, Carla \u2013 AQUINO, Melina &#8211; LUCERO, Antonia<\/p>\n\n\n\n<p><strong>JUEVES 19 DE FEBRERO<\/strong><\/p>\n\n\n\n<p><strong>Did\u00e1ctica de las Ciencias Naturales I (PEP) \/ Did\u00e1ctica de las Ciencias Naturales II (PEP) \/ Ciencias Naturales en la Educaci\u00f3n Inicial (PEI)&nbsp;<\/strong><\/p>\n\n\n\n<p>LARRAZA, Karina (P) &#8211; ZULOAGA, Laura (P) &#8211; FERNANDEZ, Luisa (V) &#8211; GONZALEZ GUTIERREZ, Nair (V) &#8211; MIRANDA, Yamila (V) \u2013 CASTRO, Ail\u00edn (V) &#8211; CASTILLO, Lucas (V) \u2013 RIQUELME, Denis (V)<\/p>\n\n\n\n<p><strong>VIERNES 20 DE FEBRERO<\/strong><\/p>\n\n\n\n<p><strong>Enfoque Sociocultural de la Educaci\u00f3n (Ciclo Com\u00fan)<\/strong><\/p>\n\n\n\n<p>LASALLE, Florencia (P) &#8211; ORTEGA, Natalia (V) \u2013 BENITEZ, Marianela (V) \u2013 POLOWCZYK, Alana (V)<\/p>\n\n\n\n<p><strong>Did\u00e1ctica en la Educaci\u00f3n Inicial I (PEI)<\/strong><\/p>\n\n\n\n<p>FERNANDEZ, Paula (P) \u2013 CUENCA, Evelin (P) \u2013 DE LOS RIOS, Flavia (V)<\/p>\n\n\n\n<p><strong>Conocimiento (Ciclo Com\u00fan)<\/strong><\/p>\n\n\n\n<p>MONTESINO, Juan Cruz (P) &#8211; FRE, Carina (V) \u2013 AGUILERA, Mari\u00e1ngeles (V)<\/p>\n\n\n\n<p><strong>Constituci\u00f3n de la Subjetividad en Contextos Escolares (Ciclo Com\u00fan)<\/strong><\/p>\n\n\n\n<p>CASTILLA, Sebasti\u00e1n (P) \u2013 MICELI, Franco (V) \u2013 SOLAVAGIONE, Franco (V)<\/p>\n\n\n\n<p><strong>Filosof\u00eda de la Educaci\u00f3n (PEI)<\/strong><\/p>\n\n\n\n<p>AYALA, Cecilia (P) &#8211; SALTO, Nicol\u00e1s (V) &#8211; AGUIRRE, Jessica (V) &nbsp;<\/p>\n\n\n\n<p><strong>Did\u00e1ctica General (Ciclo Com\u00fan)<\/strong><\/p>\n\n\n\n<p>COFRE, Nilda (P) \u2013 DI MASI, Walter (V) &#8211; LEUZE, Yasna (V)<\/p>\n\n\n\n<p>Profesorxs suplentes convocadxs:&nbsp;DISTEFANO, Laura &#8211; D\u2019AIELLO, Geraldine &#8211; GUANCA, Juan &#8211; GARRIDO, David &#8211; NIEFERGOL, Marcos \u2013 RODRIGUEZ, Carina &#8211; SANDOVAL, Ofelia \u2013 FUENTES, Carlos \u2013 OTAROLA, Leonardo &#8211; GULLO, Luciana &#8211; BIDONDO, Vanesa<\/p>\n\n\n\n<p><strong>LUNES 23 DE FEBRERO<\/strong><\/p>\n\n\n\n<p><strong>Did\u00e1ctica de la Matem\u00e1tica I (PEP) \/ Did\u00e1ctica de la Matem\u00e1tica II (PEP)<\/strong><\/p>\n\n\n\n<p>QUERCI, Silvia (P) \u2013 LOPEZ, Juan \u2013 QUISPE, Carlos \u2013 MEDEL, Eugenia \u2013 BECCAN, Florencia<\/p>\n\n\n\n<p><strong>Alfabetizaci\u00f3n Inicial: Lengua Escrita y Sistema de Numeraci\u00f3n (PEP)<\/strong><\/p>\n\n\n\n<p>ARRAIZ, Marina (P) \u2013 BARRIONUEVO, Andr\u00e9s (P) \u2013 MEDEL, Lorena (V) \u2013 MAYA, Dami\u00e1n (V)<\/p>\n\n\n\n<p><strong>MARTES 24 DE FEBRERO<\/strong><\/p>\n\n\n\n<p><strong>Did\u00e1ctica de la Lengua I (PEP)<\/strong><\/p>\n\n\n\n<p>O\u00d1ATE, Pamela (P) \u2013- CORREA, Anal\u00eda (V) \u2013 AGUILERA, Andrea (V)<\/p>\n\n\n\n<p>Profesorxs suplentes convocadxs:&nbsp;ANTINAO, Silvana &#8211; ABARZ\u00daA, Julieta \u2013- FIGUEROA, Nancy \u2013 GARRIDO, F\u00e1tima &#8211; SOLTYS, Vanesa \u2013 DURAN, Yanet<\/p>\n\n\n\n<hr class=\"wp-block-separator has-text-color has-alpha-channel-opacity has-background is-style-wide\" style=\"background-color:#f4640e;color:#f4640e\"\/>\n\n\n\n<figure class=\"wp-block-image size-full\"><img decoding=\"async\" loading=\"lazy\" width=\"1080\" height=\"1080\" src=\"https:\/\/ifd1-nqn.infd.edu.ar\/sitio\/wp-content\/uploads\/2026\/02\/mesas-feb2026.png\" alt=\"\" class=\"wp-image-1824\" srcset=\"https:\/\/ifd1-nqn.infd.edu.ar\/sitio\/wp-content\/uploads\/2026\/02\/mesas-feb2026.png 1080w, https:\/\/ifd1-nqn.infd.edu.ar\/sitio\/wp-content\/uploads\/2026\/02\/mesas-feb2026-1000x1000.png 1000w, https:\/\/ifd1-nqn.infd.edu.ar\/sitio\/wp-content\/uploads\/2026\/02\/mesas-feb2026-500x500.png 500w, https:\/\/ifd1-nqn.infd.edu.ar\/sitio\/wp-content\/uploads\/2026\/02\/mesas-feb2026-768x768.png 768w\" sizes=\"(max-width: 1080px) 100vw, 1080px\" \/><\/figure>\n\n\n\n<p><strong>Hola a todxs!&nbsp;<\/strong><\/p>\n\n\n\n<p>Recordamos que&nbsp;<strong>hasta ma\u00f1ana viernes 13 de febrero pueden inscribirse para&nbsp;<\/strong><strong>el 6to llamado de mesas de examen del 2025,&nbsp;<\/strong>que comienzan el mi\u00e9rcoles 18 de febrero.<\/p>\n\n\n\n<p>Las&nbsp;<strong>inscripciones se realizar\u00e1n de manera presencial y en formato papel, de 15 a 21 hs.<\/strong>&nbsp;Aqu\u00ed adjuntamos los&nbsp;<a rel=\"noreferrer noopener\" href=\"https:\/\/drive.google.com\/drive\/folders\/1pjlHxPfRENtBEbjRjxDb8KmncZ5ZM_wa?usp=drive_link\" target=\"_blank\">permisos de examen<\/a>&nbsp;que deben traer.&nbsp;<\/p>\n\n\n\n<p>Saludos!<\/p>\n\n\n\n<hr class=\"wp-block-separator has-text-color has-alpha-channel-opacity has-background is-style-wide\" style=\"background-color:#f4640e;color:#f4640e\"\/>\n\n\n\n<figure class=\"wp-block-image size-full\"><img decoding=\"async\" loading=\"lazy\" width=\"1080\" height=\"1080\" src=\"https:\/\/ifd1-nqn.infd.edu.ar\/sitio\/wp-content\/uploads\/2025\/12\/Inscrip-5llamado.png\" alt=\"\" class=\"wp-image-1806\" srcset=\"https:\/\/ifd1-nqn.infd.edu.ar\/sitio\/wp-content\/uploads\/2025\/12\/Inscrip-5llamado.png 1080w, https:\/\/ifd1-nqn.infd.edu.ar\/sitio\/wp-content\/uploads\/2025\/12\/Inscrip-5llamado-1000x1000.png 1000w, https:\/\/ifd1-nqn.infd.edu.ar\/sitio\/wp-content\/uploads\/2025\/12\/Inscrip-5llamado-500x500.png 500w, https:\/\/ifd1-nqn.infd.edu.ar\/sitio\/wp-content\/uploads\/2025\/12\/Inscrip-5llamado-768x768.png 768w\" sizes=\"(max-width: 1080px) 100vw, 1080px\" \/><\/figure>\n\n\n\n<h1 class=\"wp-block-heading\">Inscripciones a Mesas de Examen (5to llamado)<\/h1>\n\n\n\n<p><strong>Hola a todxs!&nbsp;<\/strong><\/p>\n\n\n\n<p>Recordamos que&nbsp;<strong>hasta hoy mi\u00e9rcoles 10 de diciembre pueden inscribirse para&nbsp;<\/strong><strong>el 5to llamado de mesas de examen del 2025,&nbsp;<\/strong>que comienzan el lunes 15 de diciembre.<\/p>\n\n\n\n<p>Las&nbsp;<strong>inscripciones se realizar\u00e1n de manera presencial y en formato papel, de 15 a 21 hs.<\/strong>&nbsp;Aqu\u00ed adjuntamos los&nbsp;<a rel=\"noreferrer noopener\" href=\"https:\/\/drive.google.com\/drive\/folders\/1pjlHxPfRENtBEbjRjxDb8KmncZ5ZM_wa?usp=drive_link\" target=\"_blank\">permisos de examen<\/a>&nbsp;que deben traer.&nbsp;<\/p>\n\n\n\n<p>Saludos!<\/p>\n\n\n\n<hr class=\"wp-block-separator has-text-color has-alpha-channel-opacity has-background is-style-wide\" style=\"background-color:#f4640e;color:#f4640e\"\/>\n\n\n\n<h1 class=\"wp-block-heading\">Devoluci\u00f3n de computadoras<\/h1>\n\n\n\n<p><em>buenas tardes a todos y todas:<\/em><\/p>\n\n\n\n<p><em>&nbsp; Se solicita para su actualizaci\u00f3n y relevamiento la devoluci\u00f3n de todas las computadoras que fueron prestadas durante el transcurso del a\u00f1o. Se recuerda que las mismas son una herramienta indispensable que necesita mantenimiento para poder funcionar correctamente y poder estar disponibles para las y los&nbsp; estudiantes. Las mismas se recepcionar\u00e1n de lunes a viernes en biblioteca o secretar\u00eda de 15 hs. A 21 hs. hasta el 19\/12<\/em><\/p>\n\n\n\n<p><em>Atte E.D.<\/em><\/p>\n\n\n\n<hr class=\"wp-block-separator has-text-color has-alpha-channel-opacity has-background is-style-wide\" style=\"background-color:#f4640e;color:#f4640e\"\/>\n\n\n\n<h1 class=\"wp-block-heading\">Mesas de Examen (4to llamado) &#8211; Lunes 01 de diciembre<\/h1>\n\n\n\n<p><strong>Hola a todxs!&nbsp;<\/strong><\/p>\n\n\n\n<p>A continuaci\u00f3n, dejamos la Mesa de Examen correspondiente al 4to llamado de 2025, del&nbsp;<strong>lunes 01 de diciembre<\/strong>. La misma se desarrollar\u00e1&nbsp;<strong>a partir de las 16:30 hs<\/strong>.&nbsp;<\/p>\n\n\n\n<p>Saludos!&nbsp;<\/p>\n\n\n\n<p><strong>LUNES 01 DE DICIEMBRE<\/strong><\/p>\n\n\n\n<p><strong>Did\u00e1ctica de la Matem\u00e1tica II \u2013 PEP&nbsp;<\/strong><\/p>\n\n\n\n<p>QUERCI, Silvia &#8211; ARRAIZ, Marina \u2013 QUISPE, Carlos&nbsp;<\/p>\n\n\n\n<p>Profes suplentes: GUZMAN, Mait\u00e9 &#8211; LOPEZ, Juan&nbsp;<\/p>\n\n\n\n<figure class=\"wp-block-image\"><img decoding=\"async\" src=\"https:\/\/ifd1-nqn.infd.edu.ar\/aula\/archivos\/_38\/news\/img_editor\/4523\/img_2ZkH2RMkQAfeDcVJvojT.png\" alt=\"\"\/><\/figure>\n\n\n\n<hr class=\"wp-block-separator has-text-color has-alpha-channel-opacity has-background is-style-wide\" style=\"background-color:#f4640e;color:#f4640e\"\/>\n<\/div><\/div>\n","protected":false},"excerpt":{"rendered":"<p>Alumnos IFD N\u00b01 Hola a todxs!&nbsp; A continuaci\u00f3n, dejamos la Mesa de Examen correspondiente al 6to llamado de 2025, desde el mi\u00e9rcoles 18 al martes 24 de febrero. Las mismas&nbsp;se desarrollar\u00e1n a partir de las 16:30 hs. Asimismo, pedimos por favor a aquellxs profes que est\u00e9n convocadxs y no puedan asistir, que nos avisen con &#8230; <a title=\"Alumnos\" class=\"read-more\" href=\"https:\/\/ifd1-nqn.infd.edu.ar\/sitio\/alumnos\/\" aria-label=\"More on Alumnos\">[+]<\/a><\/p>\n","protected":false},"author":1912,"featured_media":0,"parent":0,"menu_order":0,"comment_status":"closed","ping_status":"closed","template":"","meta":[],"acf":[],"_links":{"self":[{"href":"https:\/\/ifd1-nqn.infd.edu.ar\/sitio\/wp-json\/wp\/v2\/pages\/1798"}],"collection":[{"href":"https:\/\/ifd1-nqn.infd.edu.ar\/sitio\/wp-json\/wp\/v2\/pages"}],"about":[{"href":"https:\/\/ifd1-nqn.infd.edu.ar\/sitio\/wp-json\/wp\/v2\/types\/page"}],"author":[{"embeddable":true,"href":"https:\/\/ifd1-nqn.infd.edu.ar\/sitio\/wp-json\/wp\/v2\/users\/1912"}],"replies":[{"embeddable":true,"href":"https:\/\/ifd1-nqn.infd.edu.ar\/sitio\/wp-json\/wp\/v2\/comments?post=1798"}],"version-history":[{"count":9,"href":"https:\/\/ifd1-nqn.infd.edu.ar\/sitio\/wp-json\/wp\/v2\/pages\/1798\/revisions"}],"predecessor-version":[{"id":1832,"href":"https:\/\/ifd1-nqn.infd.edu.ar\/sitio\/wp-json\/wp\/v2\/pages\/1798\/revisions\/1832"}],"wp:attachment":[{"href":"https:\/\/ifd1-nqn.infd.edu.ar\/sitio\/wp-json\/wp\/v2\/media?parent=1798"}],"curies":[{"name":"wp","href":"https:\/\/api.w.org\/{rel}","templated":true}]}}