{"id":286,"date":"2016-10-31T13:17:59","date_gmt":"2016-10-31T16:17:59","guid":{"rendered":"https:\/\/ifd1-nqn.infd.edu.ar\/sitio\/?page_id=286"},"modified":"2026-02-08T12:11:59","modified_gmt":"2026-02-08T15:11:59","slug":"inicio","status":"publish","type":"page","link":"https:\/\/ifd1-nqn.infd.edu.ar\/sitio\/","title":{"rendered":"Inicio"},"content":{"rendered":"\n<div class=\"alignnormal\"><div id=\"metaslider-id-1446\" style=\"max-width: 1101px;\" class=\"ml-slider-3-33-0 metaslider metaslider-flex metaslider-1446 ml-slider ms-theme-default\" role=\"region\" aria-roledescription=\"Slideshow\" aria-label=\"Slideshow\">\n    <div id=\"metaslider_container_1446\">\n        <div id=\"metaslider_1446\" class=\"flexslider\">\n            <ul aria-live=\"polite\" class=\"slides\">\n                <li style=\"display: block; width: 100%;\" class=\"slide-1450 ms-image\" aria-roledescription=\"slide\" aria-label=\"slide-1450\"><img src=\"https:\/\/ifd1-nqn.infd.edu.ar\/sitio\/wp-content\/uploads\/2023\/08\/Diapositiva1-567x180.jpg\" height=\"350\" width=\"1101\" alt=\"\" class=\"slider-1446 slide-1450\" title=\"Diapositiva1\" \/><\/li>\n                <li style=\"display: none; width: 100%;\" class=\"slide-1451 ms-image\" aria-roledescription=\"slide\" aria-label=\"slide-1451\"><img src=\"https:\/\/ifd1-nqn.infd.edu.ar\/sitio\/wp-content\/uploads\/2023\/08\/Diapositiva2-567x180.jpg\" height=\"350\" width=\"1101\" alt=\"\" class=\"slider-1446 slide-1451\" title=\"Diapositiva2\" \/><\/li>\n                <li style=\"display: none; width: 100%;\" class=\"slide-1452 ms-image\" aria-roledescription=\"slide\" aria-label=\"slide-1452\"><img src=\"https:\/\/ifd1-nqn.infd.edu.ar\/sitio\/wp-content\/uploads\/2023\/08\/Diapositiva3-567x180.jpg\" height=\"350\" width=\"1101\" alt=\"\" class=\"slider-1446 slide-1452\" title=\"Diapositiva3\" \/><\/li>\n            <\/ul>\n        <\/div>\n        \n    <\/div>\n<\/div><\/div>\n\n\n\n<figure class=\"wp-block-image size-full\"><img decoding=\"async\" loading=\"lazy\" width=\"1080\" height=\"1080\" src=\"https:\/\/ifd1-nqn.infd.edu.ar\/sitio\/wp-content\/uploads\/2026\/02\/Inscripcion2026-feb.jpeg\" alt=\"\" class=\"wp-image-1813\" srcset=\"https:\/\/ifd1-nqn.infd.edu.ar\/sitio\/wp-content\/uploads\/2026\/02\/Inscripcion2026-feb.jpeg 1080w, https:\/\/ifd1-nqn.infd.edu.ar\/sitio\/wp-content\/uploads\/2026\/02\/Inscripcion2026-feb-1000x1000.jpeg 1000w, https:\/\/ifd1-nqn.infd.edu.ar\/sitio\/wp-content\/uploads\/2026\/02\/Inscripcion2026-feb-500x500.jpeg 500w, https:\/\/ifd1-nqn.infd.edu.ar\/sitio\/wp-content\/uploads\/2026\/02\/Inscripcion2026-feb-768x768.jpeg 768w\" sizes=\"(max-width: 1080px) 100vw, 1080px\" \/><\/figure>\n\n\n\n<p>&#x26a0;&#xfe0f; Inscripci\u00f3n de ingresantes 2026&#x2757;&#xfe0f;<\/p>\n\n\n\n<p>\u2013 Profesorado de Educaci\u00f3n Inicial<\/p>\n\n\n\n<p>\u2013 Profesorado de Educaci\u00f3n Primaria<\/p>\n\n\n\n<p>Ambas tienen un plan de estudios de cuatro a\u00f1os, se cursan en modalidad presencial, se apoyan en un campus virtual institucional y requieren, en ciertos momentos del cursado, disponibilidad horaria en ambos turnos para realizar las instancias de pr\u00e1cticas docentes.<\/p>\n\n\n\n<p>Link para inscribirse: <a href=\"http:\/\/w3.neuquen.gov.ar\/cpeonline\/servlet\/hinicio\" target=\"_blank\" rel=\"noreferrer noopener\">http:\/\/w3.neuquen.gov.ar\/cpeonline\/servlet\/hinicio<\/a><\/p>\n\n\n\n<p>La inscripci\u00f3n se completa al presentar la documentaci\u00f3n personal que se menciona en la planilla que genera el sistema:<\/p>\n\n\n\n<p>\u2013 Fotocopia de acta de nacimiento actualizada y legalizada<\/p>\n\n\n\n<p>\u2013 Fotocopia de D.N.I., actualizada y legalizada<\/p>\n\n\n\n<p>\u2013 Fotocopia de T\u00edtulo secundario autenticada (en caso de no tenerlo todav\u00eda, entregar \u201cConstancia de t\u00edtulo en tr\u00e1mite\u201d)<\/p>\n\n\n\n<p>\u2013 Dos fotos 4\u00d74- Carpeta NO colgante (tipo cartulina)<\/p>\n\n\n\n<p>\u2013 <a href=\"https:\/\/ifd1-nqn.infd.edu.ar\/sitio\/wp-content\/uploads\/2023\/12\/FORMATO-DE-EXAMEN-DE-APTITUD-PSICO-IFD-1-1.pdf\" data-type=\"URL\" data-id=\"https:\/\/ifd1-nqn.infd.edu.ar\/sitio\/wp-content\/uploads\/2023\/12\/FORMATO-DE-EXAMEN-DE-APTITUD-PSICO-IFD-1-1.pdf\" target=\"_blank\" rel=\"noreferrer noopener\">Ficha medica (Formato Pdf)<\/a><\/p>\n\n\n\n<p>\u2013 IMPRIMI el formulario al terminar la inscripci\u00f3n on line<\/p>\n\n\n\n<p>La documentaci\u00f3n podr\u00e1n entregarla desde el martes 10 de febrero y hasta el viernes 20 de febrero inclusive, en nuestro establecimiento (Los \u00d1ires 220, Barrio 25 de Mayo, Cutral Co), de 15 a 21 hs.<\/p>\n\n\n\n<p>Les esperamos! &#x1f331;<\/p>\n\n\n\n<hr class=\"wp-block-separator has-alpha-channel-opacity\"\/>\n\n\n\n<figure class=\"wp-block-image size-full\"><img decoding=\"async\" loading=\"lazy\" width=\"1080\" height=\"1080\" src=\"https:\/\/ifd1-nqn.infd.edu.ar\/sitio\/wp-content\/uploads\/2025\/11\/Inscripciones_de_ingresantes_6.png\" alt=\"\" class=\"wp-image-1792\" srcset=\"https:\/\/ifd1-nqn.infd.edu.ar\/sitio\/wp-content\/uploads\/2025\/11\/Inscripciones_de_ingresantes_6.png 1080w, https:\/\/ifd1-nqn.infd.edu.ar\/sitio\/wp-content\/uploads\/2025\/11\/Inscripciones_de_ingresantes_6-1000x1000.png 1000w, https:\/\/ifd1-nqn.infd.edu.ar\/sitio\/wp-content\/uploads\/2025\/11\/Inscripciones_de_ingresantes_6-500x500.png 500w, https:\/\/ifd1-nqn.infd.edu.ar\/sitio\/wp-content\/uploads\/2025\/11\/Inscripciones_de_ingresantes_6-768x768.png 768w\" sizes=\"(max-width: 1080px) 100vw, 1080px\" \/><\/figure>\n\n\n\n<p><img decoding=\"async\" loading=\"lazy\" src=\"https:\/\/static.xx.fbcdn.net\/images\/emoji.php\/v9\/tdc\/1\/16\/26a0.png\" alt=\"&#x26a0;&#xfe0f;\" width=\"16\" height=\"16\">&nbsp;<strong>Inscripci\u00f3n de ingresantes 2026<\/strong><img decoding=\"async\" loading=\"lazy\" src=\"https:\/\/static.xx.fbcdn.net\/images\/emoji.php\/v9\/t50\/1\/16\/2757.png\" alt=\"&#x2757;&#xfe0f;\" width=\"16\" height=\"16\"><\/p>\n\n\n\n<p>\u2013 Profesorado de Educaci\u00f3n Inicial<\/p>\n\n\n\n<p>\u2013 Profesorado de Educaci\u00f3n Primaria<\/p>\n\n\n\n<p>Ambas tienen un plan de estudios de cuatro a\u00f1os, se cursan en&nbsp;modalidad presencial, se apoyan en un campus virtual institucional y requieren, en ciertos momentos del cursado, disponibilidad horaria en ambos turnos para realizar las instancias de pr\u00e1cticas docentes.<\/p>\n\n\n\n<p>Link para inscribirse:&nbsp;<a rel=\"noreferrer noopener\" href=\"http:\/\/w3.neuquen.gov.ar\/cpeonline\/servlet\/hinicio\" target=\"_blank\"><\/a><a rel=\"noreferrer noopener\" href=\"http:\/\/w3.neuquen.gov.ar\/cpeonline\/servlet\/hinicio\" target=\"_blank\"><\/a><a rel=\"noreferrer noopener\" href=\"http:\/\/w3.neuquen.gov.ar\/cpeonline\/servlet\/hinicio\" target=\"_blank\"><\/a><a rel=\"noreferrer noopener\" href=\"http:\/\/w3.neuquen.gov.ar\/cpeonline\/servlet\/hinicio\" target=\"_blank\"><\/a><a rel=\"noreferrer noopener\" href=\"http:\/\/w3.neuquen.gov.ar\/cpeonline\/servlet\/hinicio\" target=\"_blank\"><\/a><a target=\"_blank\" href=\"http:\/\/w3.neuquen.gov.ar\/cpeonline\/servlet\/hinicio\" rel=\"noreferrer noopener\">http:\/\/w3.neuquen.gov.ar\/cpeonline\/servlet\/hinicio<\/a><a rel=\"noreferrer noopener\" href=\"http:\/\/w3.neuquen.gov.ar\/cpeonline\/servlet\/hinicio%C2%A0\" target=\"_blank\">&nbsp;<\/a><\/p>\n\n\n\n<p>La inscripci\u00f3n se completa al presentar la documentaci\u00f3n personal que se menciona en la planilla que genera el sistema:<\/p>\n\n\n\n<p>\u2013 Fotocopia de acta de nacimiento actualizada y legalizada<\/p>\n\n\n\n<p>\u2013 Fotocopia de D.N.I., actualizada y legalizada<\/p>\n\n\n\n<p>\u2013 Fotocopia de T\u00edtulo secundario autenticada (en caso de no tenerlo todav\u00eda, entregar \u201cConstancia de t\u00edtulo en tr\u00e1mite\u201d)<\/p>\n\n\n\n<p>\u2013 Dos fotos 4\u00d74- Carpeta NO colgante (tipo cartulina)<\/p>\n\n\n\n<p>\u2013 Ficha medica (<a href=\"https:\/\/ifd1-nqn.infd.edu.ar\/sitio\/wp-content\/uploads\/2023\/12\/FORMATO-DE-EXAMEN-DE-APTITUD-PSICO-IFD-1-1.pdf\">Formato Pdf<\/a>)<\/p>\n\n\n\n<p>\u2013 IMPRIMI el formulario al terminar la inscripci\u00f3n on line<\/p>\n\n\n\n<p>La documentaci\u00f3n podr\u00e1n entregarla&nbsp;<strong>desde el lunes 01 de diciembre y hasta el viernes 12 de diciembre inclusive,&nbsp;<\/strong>en nuestro establecimiento (Los \u00d1ires 220, Barrio 25 de Mayo, Cutral Co), de 15 a 21 hs.<\/p>\n\n\n\n<p>Les esperamos!&nbsp;<img decoding=\"async\" loading=\"lazy\" src=\"https:\/\/static.xx.fbcdn.net\/images\/emoji.php\/v9\/t69\/1\/16\/1f331.png\" alt=\"&#x1f331;\" width=\"16\" height=\"16\"><\/p>\n\n\n\n<hr class=\"wp-block-separator has-alpha-channel-opacity\"\/>\n\n\n\n<figure class=\"wp-block-image size-full\"><img decoding=\"async\" loading=\"lazy\" width=\"1080\" height=\"1080\" src=\"https:\/\/ifd1-nqn.infd.edu.ar\/sitio\/wp-content\/uploads\/2025\/07\/Inscripciones_de_ingresantes_1_2.png\" alt=\"\" class=\"wp-image-1764\" srcset=\"https:\/\/ifd1-nqn.infd.edu.ar\/sitio\/wp-content\/uploads\/2025\/07\/Inscripciones_de_ingresantes_1_2.png 1080w, https:\/\/ifd1-nqn.infd.edu.ar\/sitio\/wp-content\/uploads\/2025\/07\/Inscripciones_de_ingresantes_1_2-1000x1000.png 1000w, https:\/\/ifd1-nqn.infd.edu.ar\/sitio\/wp-content\/uploads\/2025\/07\/Inscripciones_de_ingresantes_1_2-500x500.png 500w, https:\/\/ifd1-nqn.infd.edu.ar\/sitio\/wp-content\/uploads\/2025\/07\/Inscripciones_de_ingresantes_1_2-768x768.png 768w\" sizes=\"(max-width: 1080px) 100vw, 1080px\" \/><\/figure>\n\n\n\n<p>&#x26a0;&#xfe0f; Inscripci\u00f3n de ingresantes 2025&#x2757;&#xfe0f;<br>\u2013 Profesorado de Educaci\u00f3n Inicial<br>\u2013 Profesorado de Educaci\u00f3n Primaria<br>Ambas tienen un plan de estudios de cuatro a\u00f1os, se cursan en modalidad presencial, se apoyan en un campus virtual institucional y requieren en ciertos momentos del cursado, disponibilidad horaria en ambos turnos para realizar las instancias de pr\u00e1cticas docentes.<br>Link para inscribirse:&nbsp;<a rel=\"noreferrer noopener\" href=\"http:\/\/w3.neuquen.gov.ar\/cpeonline\/servlet\/hinicio\" target=\"_blank\">http:\/\/w3.neuquen.gov.ar\/cpeonline\/servlet\/hinicio<\/a><br>La inscripci\u00f3n se completa al presentar la documentaci\u00f3n personal que se menciona en la planilla que genera el sistema:<\/p>\n\n\n\n<p><br>\u2013 Fotocopia de acta de nacimiento actualizada y legalizada<br>\u2013 Fotocopia de D.N.I., actualizada y legalizada<br>\u2013 Fotocopia de T\u00edtulo secundario autenticada (en caso de no tenerlo todav\u00eda, entregar \u201cConstancia de t\u00edtulo en tr\u00e1mite\u201d)<br>\u2013 Dos fotos 4\u00d74<br>&#8211; Carpeta NO colgante (tipo cartulina)<br>\u2013 Ficha medica ( Formato Pdf)<br>\u2013 IMPRIMI el formulario al terminar la inscripci\u00f3n on line<\/p>\n\n\n\n<p><br>La documentaci\u00f3n podr\u00e1n entregarla desde el lunes 28 de julio hasta el viernes 01 de agosto inclusive, en nuestro establecimiento (Los \u00d1ires 220, Barrio 25 de Mayo, Cutral Co), de 14.30 a 20.30 hs.<br><\/p>\n\n\n\n<p>Les esperamos! &#x1f331;<\/p>\n\n\n\n<hr class=\"wp-block-separator has-alpha-channel-opacity\"\/>\n\n\n\n<figure class=\"wp-block-image size-full\"><img decoding=\"async\" loading=\"lazy\" width=\"1080\" height=\"1080\" src=\"https:\/\/ifd1-nqn.infd.edu.ar\/sitio\/wp-content\/uploads\/2025\/03\/Talleres_de_inicio_2025.png\" alt=\"\" class=\"wp-image-1713\" srcset=\"https:\/\/ifd1-nqn.infd.edu.ar\/sitio\/wp-content\/uploads\/2025\/03\/Talleres_de_inicio_2025.png 1080w, https:\/\/ifd1-nqn.infd.edu.ar\/sitio\/wp-content\/uploads\/2025\/03\/Talleres_de_inicio_2025-1000x1000.png 1000w, https:\/\/ifd1-nqn.infd.edu.ar\/sitio\/wp-content\/uploads\/2025\/03\/Talleres_de_inicio_2025-500x500.png 500w, https:\/\/ifd1-nqn.infd.edu.ar\/sitio\/wp-content\/uploads\/2025\/03\/Talleres_de_inicio_2025-768x768.png 768w\" sizes=\"(max-width: 1080px) 100vw, 1080px\" \/><\/figure>\n\n\n\n<p>&#x1f4cc;&nbsp;A partir de ma\u00f1ana!!!<br>&#x1f4dd;Talleres de inicio para ingresantes<\/p>\n\n\n\n<hr class=\"wp-block-separator has-alpha-channel-opacity\"\/>\n","protected":false},"excerpt":{"rendered":"<p>&#x26a0;&#xfe0f; Inscripci\u00f3n de ingresantes 2026&#x2757;&#xfe0f; \u2013 Profesorado de Educaci\u00f3n Inicial \u2013 Profesorado de Educaci\u00f3n Primaria Ambas tienen un plan de estudios de cuatro a\u00f1os, se cursan en modalidad presencial, se apoyan en un campus virtual institucional y requieren, en ciertos momentos del cursado, disponibilidad horaria en ambos turnos para realizar las instancias de pr\u00e1cticas docentes. &#8230; <a title=\"Inicio\" class=\"read-more\" href=\"https:\/\/ifd1-nqn.infd.edu.ar\/sitio\/\" aria-label=\"More on Inicio\">[+]<\/a><\/p>\n","protected":false},"author":1912,"featured_media":0,"parent":0,"menu_order":0,"comment_status":"closed","ping_status":"closed","template":"","meta":[],"acf":[],"_links":{"self":[{"href":"https:\/\/ifd1-nqn.infd.edu.ar\/sitio\/wp-json\/wp\/v2\/pages\/286"}],"collection":[{"href":"https:\/\/ifd1-nqn.infd.edu.ar\/sitio\/wp-json\/wp\/v2\/pages"}],"about":[{"href":"https:\/\/ifd1-nqn.infd.edu.ar\/sitio\/wp-json\/wp\/v2\/types\/page"}],"author":[{"embeddable":true,"href":"https:\/\/ifd1-nqn.infd.edu.ar\/sitio\/wp-json\/wp\/v2\/users\/1912"}],"replies":[{"embeddable":true,"href":"https:\/\/ifd1-nqn.infd.edu.ar\/sitio\/wp-json\/wp\/v2\/comments?post=286"}],"version-history":[{"count":218,"href":"https:\/\/ifd1-nqn.infd.edu.ar\/sitio\/wp-json\/wp\/v2\/pages\/286\/revisions"}],"predecessor-version":[{"id":1823,"href":"https:\/\/ifd1-nqn.infd.edu.ar\/sitio\/wp-json\/wp\/v2\/pages\/286\/revisions\/1823"}],"wp:attachment":[{"href":"https:\/\/ifd1-nqn.infd.edu.ar\/sitio\/wp-json\/wp\/v2\/media?parent=286"}],"curies":[{"name":"wp","href":"https:\/\/api.w.org\/{rel}","templated":true}]}}