{"id":805,"date":"2018-08-31T12:57:05","date_gmt":"2018-08-31T15:57:05","guid":{"rendered":"https:\/\/ifd1-nqn.infd.edu.ar\/sitio\/coordinacion-de-investigacion\/"},"modified":"2023-09-10T00:08:52","modified_gmt":"2023-09-10T03:08:52","slug":"coordinacion-de-investigacion","status":"publish","type":"page","link":"https:\/\/ifd1-nqn.infd.edu.ar\/sitio\/coordinacion-de-investigacion\/","title":{"rendered":"Coordinaci\u00f3n de Investigaci\u00f3n"},"content":{"rendered":"<p><strong>Coordinador de Investigaci\u00f3n:<\/strong>\u00a0 \u00a0 \u00a0<strong>Prof. Carina Fre<\/strong><\/p>\n<p><span style=\"text-decoration: underline; color: #0000ff;\">\u00a0<\/span><\/p>\n<p style=\"text-align: center;\">\n","protected":false},"excerpt":{"rendered":"<p>Coordinador de Investigaci\u00f3n:\u00a0 \u00a0 \u00a0Prof. Carina Fre \u00a0<\/p>\n","protected":false},"author":688,"featured_media":0,"parent":0,"menu_order":0,"comment_status":"closed","ping_status":"closed","template":"","meta":[],"acf":[],"_links":{"self":[{"href":"https:\/\/ifd1-nqn.infd.edu.ar\/sitio\/wp-json\/wp\/v2\/pages\/805"}],"collection":[{"href":"https:\/\/ifd1-nqn.infd.edu.ar\/sitio\/wp-json\/wp\/v2\/pages"}],"about":[{"href":"https:\/\/ifd1-nqn.infd.edu.ar\/sitio\/wp-json\/wp\/v2\/types\/page"}],"author":[{"embeddable":true,"href":"https:\/\/ifd1-nqn.infd.edu.ar\/sitio\/wp-json\/wp\/v2\/users\/688"}],"replies":[{"embeddable":true,"href":"https:\/\/ifd1-nqn.infd.edu.ar\/sitio\/wp-json\/wp\/v2\/comments?post=805"}],"version-history":[{"count":1,"href":"https:\/\/ifd1-nqn.infd.edu.ar\/sitio\/wp-json\/wp\/v2\/pages\/805\/revisions"}],"predecessor-version":[{"id":1512,"href":"https:\/\/ifd1-nqn.infd.edu.ar\/sitio\/wp-json\/wp\/v2\/pages\/805\/revisions\/1512"}],"wp:attachment":[{"href":"https:\/\/ifd1-nqn.infd.edu.ar\/sitio\/wp-json\/wp\/v2\/media?parent=805"}],"curies":[{"name":"wp","href":"https:\/\/api.w.org\/{rel}","templated":true}]}}