{"id":813,"date":"2018-08-31T12:57:07","date_gmt":"2018-08-31T15:57:07","guid":{"rendered":"https:\/\/ifd1-nqn.infd.edu.ar\/sitio\/coordinacion-de-practica-ni\/"},"modified":"2023-09-10T00:01:19","modified_gmt":"2023-09-10T03:01:19","slug":"coordinacion-de-practica-ni","status":"publish","type":"page","link":"https:\/\/ifd1-nqn.infd.edu.ar\/sitio\/coordinacion-de-practica-ni\/","title":{"rendered":"Coordinaci\u00f3n de Pr\u00e1ctica NI"},"content":{"rendered":"<p><strong>Coordinadora de las Pr\u00e1cticas en el Nivel Inicial:<\/strong>\u00a0 \u00a0 <strong>Prof. Melina Lucero<\/strong><\/p>\n<p><span style=\"text-decoration: underline; color: #0000ff;\">\u00a0<\/span><\/p>\n<p><img decoding=\"async\" style=\"display: block; margin-left: auto; margin-right: auto;\" title=\"\" src=\"https:\/\/ifd1-nqn.infd.edu.ar\/sitio\/wp-content\/uploads\/2018\/08\/Ana_Maria_Arias.jpg\" alt=\"\" border=\"0\" \/><\/p>\n","protected":false},"excerpt":{"rendered":"<p>Coordinadora de las Pr\u00e1cticas en el Nivel Inicial:\u00a0 \u00a0 Prof. Melina Lucero \u00a0<\/p>\n","protected":false},"author":688,"featured_media":0,"parent":0,"menu_order":0,"comment_status":"closed","ping_status":"closed","template":"","meta":[],"acf":[],"_links":{"self":[{"href":"https:\/\/ifd1-nqn.infd.edu.ar\/sitio\/wp-json\/wp\/v2\/pages\/813"}],"collection":[{"href":"https:\/\/ifd1-nqn.infd.edu.ar\/sitio\/wp-json\/wp\/v2\/pages"}],"about":[{"href":"https:\/\/ifd1-nqn.infd.edu.ar\/sitio\/wp-json\/wp\/v2\/types\/page"}],"author":[{"embeddable":true,"href":"https:\/\/ifd1-nqn.infd.edu.ar\/sitio\/wp-json\/wp\/v2\/users\/688"}],"replies":[{"embeddable":true,"href":"https:\/\/ifd1-nqn.infd.edu.ar\/sitio\/wp-json\/wp\/v2\/comments?post=813"}],"version-history":[{"count":1,"href":"https:\/\/ifd1-nqn.infd.edu.ar\/sitio\/wp-json\/wp\/v2\/pages\/813\/revisions"}],"predecessor-version":[{"id":1507,"href":"https:\/\/ifd1-nqn.infd.edu.ar\/sitio\/wp-json\/wp\/v2\/pages\/813\/revisions\/1507"}],"wp:attachment":[{"href":"https:\/\/ifd1-nqn.infd.edu.ar\/sitio\/wp-json\/wp\/v2\/media?parent=813"}],"curies":[{"name":"wp","href":"https:\/\/api.w.org\/{rel}","templated":true}]}}