{"id":857,"date":"2018-08-31T12:57:24","date_gmt":"2018-08-31T15:57:24","guid":{"rendered":"https:\/\/ifd1-nqn.infd.edu.ar\/sitio\/regimen-de-correlatividades\/"},"modified":"2023-09-11T00:12:02","modified_gmt":"2023-09-11T03:12:02","slug":"regimen-de-correlatividades","status":"publish","type":"page","link":"https:\/\/ifd1-nqn.infd.edu.ar\/sitio\/regimen-de-correlatividades\/","title":{"rendered":"R\u00e9gimen de Correlatividades"},"content":{"rendered":"<p><iframe loading=\"lazy\" style=\"vertical-align: middle;\" src=\"https:\/\/ifd1-nqn.infd.edu.ar\/aula\/archivos\/repositorio\/250\/250\/611_-_Regimen_de_Corralitividades.pdf\" width=\"480\" height=\"250\" frameborder=\"0\"><\/iframe><\/p>\n<div class=\"components-resizable-box__container has-show-handle\"><img decoding=\"async\" src=\"https:\/\/ifd1-nqn.infd.edu.ar\/sitio\/wp-content\/uploads\/2023\/09\/1x-1900x1069.png\" alt=\"La imagen tiene un atributo ALT vac\u00edo; su nombre de archivo es 1x-1900x1069.png\" \/><\/p>\n<div>\n<div class=\"components-resizable-box__handle components-resizable-box__side-handle components-resizable-box__handle-right\"><\/div>\n<div class=\"components-resizable-box__handle components-resizable-box__side-handle components-resizable-box__handle-bottom\"><\/div>\n<\/div>\n<\/div>\n<p>\u00ab<strong>Hola a todxs!<\/strong><br data-rich-text-line-break=\"true\" \/>Aqu\u00ed dejamos a disposici\u00f3n una versi\u00f3n m\u00e1s gr\u00e1fica del Plan de Correlatividades, para tener en cuenta a la hora de organizar las trayectorias estudiantiles.\u00a0<br data-rich-text-line-break=\"true\" \/><a href=\"https:\/\/ifd1-nqn.infd.edu.ar\/sitio\/wp-content\/uploads\/2023\/09\/plan_de_correlatividades.pdf\"><strong data-rich-text-format-boundary=\"true\">Link: Plan de Correlatividades<\/strong><\/a><br data-rich-text-line-break=\"true\" \/>Esperamos que les sea de utilidad. Saludos!\u00bb<\/p>\n","protected":false},"excerpt":{"rendered":"<p>\u00abHola a todxs!Aqu\u00ed dejamos a disposici\u00f3n una versi\u00f3n m\u00e1s gr\u00e1fica del Plan de Correlatividades, para tener en cuenta a la hora de organizar las trayectorias estudiantiles.\u00a0Link: Plan de CorrelatividadesEsperamos que les sea de utilidad. Saludos!\u00bb<\/p>\n","protected":false},"author":688,"featured_media":0,"parent":0,"menu_order":0,"comment_status":"closed","ping_status":"closed","template":"","meta":[],"acf":[],"_links":{"self":[{"href":"https:\/\/ifd1-nqn.infd.edu.ar\/sitio\/wp-json\/wp\/v2\/pages\/857"}],"collection":[{"href":"https:\/\/ifd1-nqn.infd.edu.ar\/sitio\/wp-json\/wp\/v2\/pages"}],"about":[{"href":"https:\/\/ifd1-nqn.infd.edu.ar\/sitio\/wp-json\/wp\/v2\/types\/page"}],"author":[{"embeddable":true,"href":"https:\/\/ifd1-nqn.infd.edu.ar\/sitio\/wp-json\/wp\/v2\/users\/688"}],"replies":[{"embeddable":true,"href":"https:\/\/ifd1-nqn.infd.edu.ar\/sitio\/wp-json\/wp\/v2\/comments?post=857"}],"version-history":[{"count":1,"href":"https:\/\/ifd1-nqn.infd.edu.ar\/sitio\/wp-json\/wp\/v2\/pages\/857\/revisions"}],"predecessor-version":[{"id":1522,"href":"https:\/\/ifd1-nqn.infd.edu.ar\/sitio\/wp-json\/wp\/v2\/pages\/857\/revisions\/1522"}],"wp:attachment":[{"href":"https:\/\/ifd1-nqn.infd.edu.ar\/sitio\/wp-json\/wp\/v2\/media?parent=857"}],"curies":[{"name":"wp","href":"https:\/\/api.w.org\/{rel}","templated":true}]}}