{"id":859,"date":"2018-08-31T12:57:25","date_gmt":"2018-08-31T15:57:25","guid":{"rendered":"https:\/\/ifd1-nqn.infd.edu.ar\/sitio\/regimen-academico-provincial-para-la-formacion-docente\/"},"modified":"2018-08-31T12:57:25","modified_gmt":"2018-08-31T15:57:25","slug":"regimen-academico-provincial-para-la-formacion-docente","status":"publish","type":"page","link":"https:\/\/ifd1-nqn.infd.edu.ar\/sitio\/regimen-academico-provincial-para-la-formacion-docente\/","title":{"rendered":"R\u00e9gimen Acad\u00e9mico Provincial para la Formaci\u00f3n Docente"},"content":{"rendered":"<p><iframe loading=\"lazy\" width=\"480\" height=\"250\" style=\"vertical-align: middle;\" src=\"https:\/\/ifd1-nqn.infd.edu.ar\/aula\/archivos\/repositorio\/250\/251\/1011_-_Reglamento_Academico.pdf\" frameborder=\"0\"><\/iframe><\/p>\n","protected":false},"excerpt":{"rendered":"","protected":false},"author":688,"featured_media":0,"parent":0,"menu_order":0,"comment_status":"closed","ping_status":"closed","template":"","meta":[],"acf":[],"_links":{"self":[{"href":"https:\/\/ifd1-nqn.infd.edu.ar\/sitio\/wp-json\/wp\/v2\/pages\/859"}],"collection":[{"href":"https:\/\/ifd1-nqn.infd.edu.ar\/sitio\/wp-json\/wp\/v2\/pages"}],"about":[{"href":"https:\/\/ifd1-nqn.infd.edu.ar\/sitio\/wp-json\/wp\/v2\/types\/page"}],"author":[{"embeddable":true,"href":"https:\/\/ifd1-nqn.infd.edu.ar\/sitio\/wp-json\/wp\/v2\/users\/688"}],"replies":[{"embeddable":true,"href":"https:\/\/ifd1-nqn.infd.edu.ar\/sitio\/wp-json\/wp\/v2\/comments?post=859"}],"version-history":[{"count":0,"href":"https:\/\/ifd1-nqn.infd.edu.ar\/sitio\/wp-json\/wp\/v2\/pages\/859\/revisions"}],"wp:attachment":[{"href":"https:\/\/ifd1-nqn.infd.edu.ar\/sitio\/wp-json\/wp\/v2\/media?parent=859"}],"curies":[{"name":"wp","href":"https:\/\/api.w.org\/{rel}","templated":true}]}}